{"id":10,"date":"2017-02-23T02:03:31","date_gmt":"2017-02-23T08:03:31","guid":{"rendered":"http:\/\/development.local\/?page_id=9"},"modified":"2024-10-21T18:23:03","modified_gmt":"2024-10-21T23:23:03","slug":"for-students","status":"publish","type":"page","link":"https:\/\/vumicro.com\/es\/for-students\/","title":{"rendered":"Para Estudiantes"},"content":{"rendered":"<h2 class=\"wp-block-heading\">Creando tu cuenta<\/h2>\n\n\n\n<p>Hemos elaborado un conjunto de instrucciones detalladas para ayudarte a empezar a utilizar VUMIE Online una vez que hayas adquirido una licencia para <strong><em>VUMIE Online<\/em><\/strong> . <\/p>\n\n\n<a class=\"button\" target=\"_blank\" href=\"https:\/\/vumicro.com\/es\/create-your-vumie-account\/\" ><span>Ver instrucciones de configuraci\u00f3n<\/span><\/a>\n\n\n\n\n<h2 class=\"wp-block-heading\">Primeros pasos: v\u00eddeos de ayuda<\/h2>\n\n\n\n<p>Hemos hecho que aprender los pormenores del trabajo en el laboratorio de <strong><em>VUMIE Online<\/em><\/strong> f\u00e1cil de dominar mediante la provisi\u00f3n de una colecci\u00f3n de videos de ayuda accesibles a trav\u00e9s de la pesta\u00f1a <strong>Ayuda<\/strong> en el laboratorio de <strong><em>VUMIE Online<\/em><\/strong> . Aqu\u00ed tienes un enlace a esos v\u00eddeos para que puedas ver lo que hay disponible. <\/p>\n\n\n<a class=\"button\" target=\"_blank\" href=\"https:\/\/vumicro.com\/es\/docs\/help\/\" ><span>Abrir la p\u00e1gina de ayuda<\/span><\/a>\n\n\n\n\n<h2 class=\"wp-block-heading\">Biblioteca de referencia en l\u00ednea<\/h2>\n\n\n\n<p>Ofrecemos cientos de p\u00e1ginas de contenido relacionado con los medios, pruebas, antibi\u00f3ticos, reactivos y tinciones, y los 124 microbios que aparecen en <strong><em>VUMIE Online<\/em><\/strong>. Son accesibles a trav\u00e9s de la <strong>Ayuda<\/strong> en el laboratorio de <strong><em>VUMIE Online<\/em><\/strong> . Aqu\u00ed tienes un enlace que muestra lo que se ofrece a los usuarios:<\/p>\n\n\n<a class=\"button\" target=\"_blank\" href=\"https:\/\/vumicro.com\/es\/docs\/reference\/\" ><span>Abrir Biblioteca de referencia en l\u00ednea<\/span><\/a>\n\n\n\n\n<div class=\"wp-block-columns is-layout-flex wp-container-core-columns-is-layout-9d6595d7 wp-block-columns-is-layout-flex\">\n<div class=\"wp-block-column is-layout-flow wp-block-column-is-layout-flow\" style=\"flex-basis:100%\">\n<h2 class=\"wp-block-heading\">Otros recursos<\/h2>\n<\/div>\n<\/div>\n\n\n\n<p><em><strong>\u00bfBuscas recursos para crear carteles de investigaci\u00f3n a partir de las actividades en l\u00ednea de VUMIE? Descarga el <a href=\"https:\/\/vumicro.com\/wp-content\/uploads\/2017\/03\/sample-poster-ex30-enterica.pdf\">P\u00f3ster de muestra<\/a> y la <a href=\"https:\/\/vumicro.com\/wp-content\/uploads\/2017\/03\/Poster-Template-DM.pptx\">Plantilla de p\u00f3ster<\/a>.<\/strong><\/em><\/p>","protected":false},"excerpt":{"rendered":"<p>Creating Your Account We&#8217;ve put together a set of detailed instructions to help you get up and running once you&#8217;ve purchased a VUMIE Online license. Getting Started &#8211; Help Videos We&#8217;ve made learning the ins and outs of working in the VUMIE Online lab simple to master through provision of a collection of Help videos [&hellip;]<\/p>\n","protected":false},"author":1,"featured_media":12397,"parent":0,"menu_order":2,"comment_status":"closed","ping_status":"closed","template":"","meta":{"_monsterinsights_skip_tracking":false,"_monsterinsights_sitenote_active":false,"_monsterinsights_sitenote_note":"","_monsterinsights_sitenote_category":0,"footnotes":""},"class_list":["post-10","page","type-page","status-publish","has-post-thumbnail","hentry"],"aioseo_notices":[],"jetpack_sharing_enabled":true,"_links":{"self":[{"href":"https:\/\/vumicro.com\/es\/wp-json\/wp\/v2\/pages\/10","targetHints":{"allow":["GET"]}}],"collection":[{"href":"https:\/\/vumicro.com\/es\/wp-json\/wp\/v2\/pages"}],"about":[{"href":"https:\/\/vumicro.com\/es\/wp-json\/wp\/v2\/types\/page"}],"author":[{"embeddable":true,"href":"https:\/\/vumicro.com\/es\/wp-json\/wp\/v2\/users\/1"}],"replies":[{"embeddable":true,"href":"https:\/\/vumicro.com\/es\/wp-json\/wp\/v2\/comments?post=10"}],"version-history":[{"count":21,"href":"https:\/\/vumicro.com\/es\/wp-json\/wp\/v2\/pages\/10\/revisions"}],"predecessor-version":[{"id":18015,"href":"https:\/\/vumicro.com\/es\/wp-json\/wp\/v2\/pages\/10\/revisions\/18015"}],"wp:featuredmedia":[{"embeddable":true,"href":"https:\/\/vumicro.com\/es\/wp-json\/wp\/v2\/media\/12397"}],"wp:attachment":[{"href":"https:\/\/vumicro.com\/es\/wp-json\/wp\/v2\/media?parent=10"}],"curies":[{"name":"wp","href":"https:\/\/api.w.org\/{rel}","templated":true}]}}