{"id":11,"date":"2017-02-23T02:03:36","date_gmt":"2017-02-23T08:03:36","guid":{"rendered":"http:\/\/development.local\/?page_id=11"},"modified":"2024-07-09T11:58:32","modified_gmt":"2024-07-09T16:58:32","slug":"instructors","status":"publish","type":"page","link":"https:\/\/vumicro.com\/es\/instructors\/","title":{"rendered":"Para Instructores"},"content":{"rendered":"<p>Gracias por su inter\u00e9s en <strong><em>VirtualUnknown Microbiology<\/em><\/strong> La simulaci\u00f3n de laboratorio es una herramienta valiosa para la ense\u00f1anza de microbiolog\u00eda. Nuestro producto anterior, <strong><em>VUMIE 2012<\/em><\/strong> se ha ganado la reputaci\u00f3n de ser una herramienta valiosa que contribuye a obtener resultados de aprendizaje positivos para los estudiantes de microbiolog\u00eda. \u00bfEsc\u00e9ptico? Este art\u00edculo revisado por pares podr\u00eda arrojar algo de luz sobre su eficacia.<em><strong> (<a href=\"https:\/\/bmcmededuc.biomedcentral.com\/articles\/10.1186\/s12909-021-03000-3\" target=\"_blank\" rel=\"noopener\" title=\"BMC Medical Education (2021) 21:583. Baumann-Birkbeck et al.\">BMC Medical Education (2021) 21:583. Baumann-Birkbeck et al.  &#8220;Can a virtual microbiology simulation be as effective as the traditional wetlab for pharmacy student education?&#8221;<\/a>)<\/strong><\/em>.<\/p>\n\n\n\n<p>En 2023 lanzamos nuestro NUEVO producto, <strong><em>VUMIE Online<\/em><\/strong>, que creemos que es a\u00fan m\u00e1s valioso y eficaz pedag\u00f3gicamente en manos de los estudiantes. Incluye numerosas mejoras y adiciones para mejorar y ampliar el simulaci\u00f3n <strong><em>VUMIE<\/em><\/strong> y contenido del curso. <strong><em>VUMIE Online<\/em><\/strong> Este recurso incorpora (1) una simulaci\u00f3n de t\u00e9cnicas comunes de laboratorio de microbiolog\u00eda, (2) lecciones en video bien fundamentadas sobre temas habituales de laboratorio de microbiolog\u00eda, (3) evaluaciones pr\u00e1cticas y objetivas con calificaci\u00f3n autom\u00e1tica y (4) funciones de gesti\u00f3n para el profesorado, que permiten administrar las tareas y las secciones de laboratorio de los estudiantes. El resultado es un recurso incre\u00edblemente completo que puede utilizarse para complementar la ense\u00f1anza pr\u00e1ctica presencial (preparaci\u00f3n previa al laboratorio, acceso a la pr\u00e1ctica las 24 horas del d\u00eda, los 7 d\u00edas de la semana, evaluaci\u00f3n posterior al laboratorio), cursos h\u00edbridos y cursos de laboratorio de microbiolog\u00eda en l\u00ednea.<\/p>\n\n\n\n<p>Si eres un instructor que desea probar nuestro producto, <a href=\"https:\/\/vumicro.com\/es\/request-instructor-access\/\" target=\"_blank\" rel=\"noopener\" title=\"\">pide <strong><em>VUMIE Online<\/em><\/strong> acceso para instructores<\/a>. Una vez que verifiquemos su estado como instructor, le brindaremos acceso gratuito a <strong><em>VUMIE Online<\/em><\/strong> con su consola administrativa incorporada (\u201c<strong><em>Consola de Administraci\u00f3n<\/em><\/strong>&#8220;). <strong>Es gratuito y su licencia nunca caduca<\/strong>.<\/p>\n\n\n\n<div class=\"wp-block-buttons is-content-justification-center is-layout-flex wp-container-core-buttons-is-layout-16018d1d wp-block-buttons-is-layout-flex\">\n<div class=\"wp-block-button\"><a class=\"wp-block-button__link wp-element-button\" href=\"https:\/\/vumicro.com\/es\/request-instructor-access\/\" target=\"_blank\" rel=\"noreferrer noopener\">Solicitar acceso como instructor<\/a><\/div>\n<\/div>\n\n\n\n<p><em><strong>NOTE:  <\/strong>If you have used our legacy product<strong> VUMIE 2012,<\/strong> please note that it is <span style=\"text-decoration: underline;\">no longer available for purchase as of the Fall 2023 semester<\/span>.&nbsp; We recommend migrating to the much improved and more comprehensive <strong>VUMIE Online<\/strong><\/em>. <strong><em>Here is a <a href=\"https:\/\/vumicro.com\/wp-content\/uploads\/2023\/11\/Comparison-VUMIE-Online-with-MDM-3e.pdf\" target=\"_blank\" rel=\"noopener\" title=\"comparison\">comparison<\/a> for how the new VUMIE Online content compares with that from VUMIE 2012?<\/em><\/strong><\/p>\n\n\n\n<h2 class=\"wp-block-heading\">Herramientas \u00fatiles para los instructores<\/h2>\n\n\n\n<p><strong><em>La nueva consola de administraci\u00f3n integrada de VUMIE Online<\/em><\/strong> new integrated <strong><em>Consola de Administraci\u00f3n<\/em><\/strong> para instructores le ahorra tiempo y simplifica enormemente la gesti\u00f3n de la experiencia pr\u00e1ctica de sus estudiantes. Todos los recursos son accesibles desde una \u00fanica cuenta de usuario y ubicaci\u00f3n:<\/p>\n\n\n\n<ul class=\"wp-block-list\">\n<li>El galardonado<strong><em> VirtualUnknown Microbiology<\/em><\/strong> simulaci\u00f3n para pruebas e identificaci\u00f3n bacteriana.<\/li>\n\n\n\n<li>M\u00e1s que <strong><em>50 <a href=\"https:\/\/vumicro.com\/wp-content\/uploads\/2023\/11\/Activities-Listed-Summer-2023.pdf\" target=\"_blank\" rel=\"noopener\" title=\"actividades de aprendizaje\">actividades de aprendizaje<\/a><\/em><\/strong> para elegir entre ellos: habilidades b\u00e1sicas de microbiolog\u00eda y su aplicaci\u00f3n en actividades comunes de laboratorio de microbiolog\u00eda, como la identificaci\u00f3n bacteriana y los fundamentos de la infecci\u00f3n y la enfermedad.<\/li>\n\n\n\n<li><strong><em>B\u00fasquedas del tesoro<\/em><\/strong> que lleven a tus estudiantes m\u00e1s all\u00e1 de su curso para que vean la importancia de la microbiolog\u00eda en el mundo que les rodea.<\/li>\n\n\n\n<li><strong><em>Archivos de ayuda y libros de referencia<\/em><\/strong> with extensive <a href=\"https:\/\/vumicro.com\/wp-content\/uploads\/2023\/11\/VUMIE-Online-Help-Video-Links.pdf\" target=\"_blank\" rel=\"noopener\" title=\"video tutorials\"><strong><em>video tutorials<\/em><\/strong><\/a> and <a href=\"https:\/\/vumicro.com\/es\/docs\/reference\/\" target=\"_blank\" rel=\"noopener\" title=\"information\"><strong><em>information<\/em><\/strong><\/a> on tests, media, reagents, and microbes.<\/li>\n\n\n\n<li><strong><em>Se sigue a\u00f1adiendo contenido nuevo<\/em><\/strong>, ampliando la cobertura de algunos temas actuales e incorporando nuevas simulaciones y materiales en el futuro. \u00a1Todo ello estar\u00e1 disponible al instante para usted y sus alumnos!<\/li>\n\n\n\n<li><strong><em>No se necesita un manual de laboratorio. <\/em><\/strong> El <a href=\"https:\/\/vumicro.com\/wp-content\/uploads\/2023\/11\/Activities-Listed-Summer-2023.pdf\" target=\"_blank\" rel=\"noopener\" title=\"contenido\">contenido<\/a> de <strong><em>VUMIE Online<\/em><\/strong> Incluye la mayor parte del contenido habitual de un manual de laboratorio de microbiolog\u00eda, pero con un amplio contenido de v\u00eddeo para captar mejor la atenci\u00f3n del estudiante. Esto representa una mejora rentable con respecto a los manuales de laboratorio convencionales. <\/li>\n\n\n\n<li><strong><em>Consola de Administraci\u00f3n<\/em><\/strong> permite a los instructores agrupar a los estudiantes en secciones de laboratorio, asignar microbios desconocidos y estudios de caso personalizados, supervisar la calidad del trabajo de los estudiantes (precisi\u00f3n, t\u00e9cnica as\u00e9ptica, tiempo dedicado a la tarea) a trav\u00e9s de los informes de laboratorio de los estudiantes y revisar el progreso de los estudiantes mediante pr\u00e1cticas calificadas autom\u00e1ticamente y cuestionarios objetivos.<\/li>\n<\/ul>\n\n\n\n<figure class=\"wp-block-gallery has-nested-images columns-default is-cropped wp-block-gallery-1 is-layout-flex wp-block-gallery-is-layout-flex\">\n<figure class=\"wp-block-image size-large\"><img data-recalc-dims=\"1\" loading=\"lazy\" decoding=\"async\" width=\"1024\" height=\"456\" data-id=\"17306\" src=\"https:\/\/i0.wp.com\/vumicro.com\/wp-content\/uploads\/2024\/07\/LAB_Rept_screenshot.png?resize=1024%2C456&#038;ssl=1\" alt=\"\" class=\"wp-image-17306\" srcset=\"https:\/\/i0.wp.com\/vumicro.com\/wp-content\/uploads\/2024\/07\/LAB_Rept_screenshot.png?resize=1024%2C456&amp;ssl=1 1024w, https:\/\/i0.wp.com\/vumicro.com\/wp-content\/uploads\/2024\/07\/LAB_Rept_screenshot.png?resize=300%2C134&amp;ssl=1 300w, https:\/\/i0.wp.com\/vumicro.com\/wp-content\/uploads\/2024\/07\/LAB_Rept_screenshot.png?resize=768%2C342&amp;ssl=1 768w, https:\/\/i0.wp.com\/vumicro.com\/wp-content\/uploads\/2024\/07\/LAB_Rept_screenshot.png?resize=360%2C160&amp;ssl=1 360w, https:\/\/i0.wp.com\/vumicro.com\/wp-content\/uploads\/2024\/07\/LAB_Rept_screenshot.png?w=1186&amp;ssl=1 1186w\" sizes=\"auto, (max-width: 1000px) 100vw, 1000px\" \/><\/figure>\n<\/figure>\n\n\n\n<p><strong><em>Un paquete integral para dise\u00f1ar, impartir y evaluar el trabajo realizado por los estudiantes.<\/em><\/strong><\/p>\n\n\n\n<p>Si tiene preguntas sobre las cuentas de instructor y el acceso de instructor, env\u00edenos un mensaje desde el <a href=\"https:\/\/vumicro.com\/es\/support\/\">Formulario de Contacto<\/a>.<\/p>","protected":false},"excerpt":{"rendered":"<p>Thanks for your interest in VirtualUnknown Microbiology lab simulation as a valuable tool for teaching microbiology labs. Our previous product, VUMIE 2012 gained a reputation as a solid contributor to positive learning outcomes for microbiology students. Skeptical? This peer reviewed article might shed some light on its effectiveness (BMC Medical Education (2021) 21:583. Baumann-Birkbeck et [&hellip;]<\/p>\n","protected":false},"author":1,"featured_media":0,"parent":0,"menu_order":3,"comment_status":"closed","ping_status":"closed","template":"","meta":{"_monsterinsights_skip_tracking":false,"_monsterinsights_sitenote_active":false,"_monsterinsights_sitenote_note":"","_monsterinsights_sitenote_category":0,"footnotes":""},"class_list":["post-11","page","type-page","status-publish","hentry"],"aioseo_notices":[],"jetpack_sharing_enabled":true,"_links":{"self":[{"href":"https:\/\/vumicro.com\/es\/wp-json\/wp\/v2\/pages\/11","targetHints":{"allow":["GET"]}}],"collection":[{"href":"https:\/\/vumicro.com\/es\/wp-json\/wp\/v2\/pages"}],"about":[{"href":"https:\/\/vumicro.com\/es\/wp-json\/wp\/v2\/types\/page"}],"author":[{"embeddable":true,"href":"https:\/\/vumicro.com\/es\/wp-json\/wp\/v2\/users\/1"}],"replies":[{"embeddable":true,"href":"https:\/\/vumicro.com\/es\/wp-json\/wp\/v2\/comments?post=11"}],"version-history":[{"count":45,"href":"https:\/\/vumicro.com\/es\/wp-json\/wp\/v2\/pages\/11\/revisions"}],"predecessor-version":[{"id":17307,"href":"https:\/\/vumicro.com\/es\/wp-json\/wp\/v2\/pages\/11\/revisions\/17307"}],"wp:attachment":[{"href":"https:\/\/vumicro.com\/es\/wp-json\/wp\/v2\/media?parent=11"}],"curies":[{"name":"wp","href":"https:\/\/api.w.org\/{rel}","templated":true}]}}