{"id":215,"date":"2017-04-15T15:09:26","date_gmt":"2017-04-15T20:09:26","guid":{"rendered":"https:\/\/vumicro.com\/?page_id=215"},"modified":"2023-11-30T14:43:15","modified_gmt":"2023-11-30T20:43:15","slug":"about-us","status":"publish","type":"page","link":"https:\/\/vumicro.com\/es\/about-us\/","title":{"rendered":"Sobre Nosotros"},"content":{"rendered":"<h2>Nuestros comienzos<\/h2>\n<p>Intuitive Systems, Inc. fue fundada en 1997 cuando dos graduados de Inform\u00e1tica de la Universidad McMurry se unieron a un profesor de Microbiolog\u00eda de la misma universidad para desarrollar una simulaci\u00f3n para el laboratorio de microbiolog\u00eda. Los exalumnos John Parker y Lon Outland trabajaban como ingenieros de software y quer\u00edan fundar una empresa, pero no ten\u00edan ning\u00fan producto; el Dr. Gary Wilson ten\u00eda la visi\u00f3n de una simulaci\u00f3n inform\u00e1tica del laboratorio de microbiolog\u00eda, pero no las habilidades necesarias para desarrollarla. En menos de un a\u00f1o, ya contaban con un prototipo funcional de VirtualUnknown Microbiology y se fund\u00f3 nuestra empresa, Intuitive Systems, Inc. <em><strong>VirtualUnknown Microbiology <\/strong><\/em>and our company, Intuitive Systems, Inc., was formed.<\/p>\n<h2>Premios y m\u00e1s<\/h2>\n<p>En el a\u00f1o 2000, el software se present\u00f3 en la <strong>conferencia ASM sobre educaci\u00f3n de pregrado<\/strong> en Pomona CA y en el simposio <strong>Slice of Life\/Computers in Healthcare Education<\/strong> celebrado en la Facultad de Medicina de la Universidad de Utah en Salt Lake City, donde recibi\u00f3 <strong>uno de los tres premios<\/strong> otorgados a la excelencia en software para la educaci\u00f3n m\u00e9dica. M\u00e1s de sesenta paquetes de software de m\u00e1s de una docena de pa\u00edses de cuatro continentes participaron en el concurso. <em><strong>VirtualUnknown Microbiology<\/strong> <\/em>fue el \u00fanico ganador que no fue desarrollado en una facultad de medicina. Poco despu\u00e9s, el software se incluy\u00f3 en uno de los libros de texto de microbiolog\u00eda m\u00e1s vendidos, <em><strong>Microbiology 7th Edition Media Update<\/strong><\/em> de Tortora, Funke, y Case.<\/p>\n<h2>Enfoque en el futuro<\/h2>\n<p>M\u00e1s recientemente, <em><strong>VUMIE<\/strong><\/em> se ha convertido en una herramienta fundamental en numerosas universidades de todo el mundo para la realizaci\u00f3n de simulaciones de laboratorio pr\u00e1ctico en cursos de microbiolog\u00eda. Ante la creciente demanda de soluciones en l\u00ednea para cursos de laboratorio de ciencias que cumplan con los requisitos de los programas de atenci\u00f3n m\u00e9dica, Intuitive Systems, Inc. trabaja para que la experiencia virtual sea lo m\u00e1s realista y \u00fatil posible. Para afrontar este desaf\u00edo, Intuitive Systems, Inc. se ha consolidado como una empresa familiar comprometida con la excelencia y la innovaci\u00f3n. Comenzamos una nueva etapa con un ambicioso programa de desarrollo para fortalecer y ampliar a\u00fan m\u00e1s la simulaci\u00f3n de todos los aspectos de la experiencia de un laboratorio de microbiolog\u00eda, y para incursionar en nuevas \u00e1reas de apoyo a la educaci\u00f3n cient\u00edfica en l\u00ednea.<\/p>\n\n\n<div class=\"wp-block-buttons is-layout-flex wp-block-buttons-is-layout-flex\">\n<div class=\"wp-block-button is-style-fill aligncenter\"><a class=\"wp-block-button__link wp-element-button\" href=\"https:\/\/vumicro.com\/es\/about\/\">Acerca de VUMIE<\/a><\/div>\n<\/div>","protected":false},"excerpt":{"rendered":"<p>Our beginnings Intuitive Systems, Inc. was founded in 1997 when two McMurry University Computer Science graduates teamed with a McMurry University Microbiology professor to develop a simulation for the microbiology lab. Alumni John Parker and Lon Outland were working as software engineers and wanted to start a company but had no product; Dr. Gary Wilson [&hellip;]<\/p>\n","protected":false},"author":1,"featured_media":0,"parent":0,"menu_order":0,"comment_status":"closed","ping_status":"closed","template":"","meta":{"_monsterinsights_skip_tracking":false,"_monsterinsights_sitenote_active":false,"_monsterinsights_sitenote_note":"","_monsterinsights_sitenote_category":0,"footnotes":""},"class_list":["post-215","page","type-page","status-publish","hentry"],"aioseo_notices":[],"jetpack_sharing_enabled":true,"_links":{"self":[{"href":"https:\/\/vumicro.com\/es\/wp-json\/wp\/v2\/pages\/215","targetHints":{"allow":["GET"]}}],"collection":[{"href":"https:\/\/vumicro.com\/es\/wp-json\/wp\/v2\/pages"}],"about":[{"href":"https:\/\/vumicro.com\/es\/wp-json\/wp\/v2\/types\/page"}],"author":[{"embeddable":true,"href":"https:\/\/vumicro.com\/es\/wp-json\/wp\/v2\/users\/1"}],"replies":[{"embeddable":true,"href":"https:\/\/vumicro.com\/es\/wp-json\/wp\/v2\/comments?post=215"}],"version-history":[{"count":10,"href":"https:\/\/vumicro.com\/es\/wp-json\/wp\/v2\/pages\/215\/revisions"}],"predecessor-version":[{"id":15971,"href":"https:\/\/vumicro.com\/es\/wp-json\/wp\/v2\/pages\/215\/revisions\/15971"}],"wp:attachment":[{"href":"https:\/\/vumicro.com\/es\/wp-json\/wp\/v2\/media?parent=215"}],"curies":[{"name":"wp","href":"https:\/\/api.w.org\/{rel}","templated":true}]}}