{"id":8,"date":"2017-02-23T02:03:18","date_gmt":"2017-02-23T02:03:18","guid":{"rendered":"http:\/\/development.local\/?page_id=5"},"modified":"2026-02-11T22:21:00","modified_gmt":"2026-02-12T04:21:00","slug":"home","status":"publish","type":"page","link":"https:\/\/vumicro.com\/es\/","title":{"rendered":"VUMIE"},"content":{"rendered":"<div class=\"wp-block-columns is-layout-flex wp-container-core-columns-is-layout-9d6595d7 wp-block-columns-is-layout-flex\">\n<div class=\"wp-block-column is-layout-flow wp-block-column-is-layout-flow\" style=\"flex-basis:100%\">\n<p><\/p>\n\n\n\n<div class=\"wp-block-buttons is-layout-flex wp-block-buttons-is-layout-flex\">\n<div class=\"wp-block-button is-style-outline login-button-vumie is-style-outline--1\"><a class=\"wp-block-button__link has-white-color has-text-color wp-element-button\" href=\"https:\/\/vumicro.com\/es\/login\/\" style=\"border-radius:5px\">Inicia sesi\u00f3n en VUMIE<\/a><\/div>\n<\/div>\n\n\n\n<h1 class=\"wp-block-heading has-text-align-center\">VUMIE es el simulador de vuelo para laboratorios de microbiolog\u00eda.<\/h1>\n\n\n\n<h2 class=\"wp-block-heading has-text-align-center\"><\/h2>\n\n\n\n<div class=\"wp-block-buttons is-content-justification-center is-layout-flex wp-container-core-buttons-is-layout-16018d1d wp-block-buttons-is-layout-flex\">\n<div class=\"wp-block-button\"><a class=\"wp-block-button__link has-white-color has-text-color wp-element-button\" href=\"\/es\/vumicro.com\/register\/vumie-demo\/\" style=\"border-radius:5px\">Pru\u00e9balo gratis<\/a><\/div>\n<\/div>\n<\/div>\n<\/div>\n\n\n<\/div>\n<\/section>\n<section   class=\"section content graphic\">\n<div class=\"inner\">\n\n\n\n\t\t\t<ul class=\"imagelist three\">\r\n\t\t\t\t\t\t\t<li class=\"item\">\r\n\t\t\t\t\t\t\t\t\t\t\t\t\t\t\t\t\t\r\n\t\t\t\t\t\t\t\t\t\t\t\t\t<img loading=\"lazy\" decoding=\"async\" width=\"290\" height=\"149\" src=\"https:\/\/i0.wp.com\/vumicro.com\/wp-content\/uploads\/2017\/04\/vumicro-icon-cap.jpg?fit=290%2C149&amp;ssl=1\" class=\"attachment-large size-large\" alt=\"\" \/>\t\t\t\t\t\t\t\t\t\t\t\t\r\n\t\t\t\t\t\t\t\t\t\t\t\t\t\t\t\t\r\n\t\t\t\t\t\t\t\t\t\t\r\n\t\t\t\t\t\t\t\t\t\t\t<div class=\"title\">\r\n\t\t\t\t\t\t\t\t\t\t\t\t\t\t\r\n\t\t\t\t\t\t\tPara la academia\t\t\t\t\t\t\t\r\n\t\t\t\t\t\t\t\t\t\t\t\t\t<\/div>\r\n\t\t\t\t\t\t\t\t\t\t\t\t\t\t\t<p class=\"description\">\r\n\t\t\t\t\t\tVUMIE fue creado por profesores universitarios que buscaban ense\u00f1ar temas avanzados de microbiolog\u00eda de una manera f\u00e1cil de entender.<br \/>\r\nan easy-to-understand way.\t\t\t\t\t\t\t\t\t\t\t<\/p>\r\n\t\t\t\t\t\t\t\t\t\t\r\n\t\t\t\t\t\r\n\t\t\t\t\t\r\n\t\t\t\t\t\r\n\t\t\t\t\t\t\t\t\t<\/li>\r\n\t\t\t\t\t\t\t<li class=\"item\">\r\n\t\t\t\t\t\t\t\t\t\t\t\t\t\t\t\t\t\r\n\t\t\t\t\t\t\t\t\t\t\t\t\t<img loading=\"lazy\" decoding=\"async\" width=\"290\" height=\"149\" src=\"https:\/\/i0.wp.com\/vumicro.com\/wp-content\/uploads\/2017\/04\/vumicro-icon-bulb.jpg?fit=290%2C149&amp;ssl=1\" class=\"attachment-large size-large\" alt=\"\" \/>\t\t\t\t\t\t\t\t\t\t\t\t\r\n\t\t\t\t\t\t\t\t\t\t\t\t\t\t\t\t\r\n\t\t\t\t\t\t\t\t\t\t\r\n\t\t\t\t\t\t\t\t\t\t\t<div class=\"title\">\r\n\t\t\t\t\t\t\t\t\t\t\t\t\t\t\r\n\t\t\t\t\t\t\tAprender haciendo\t\t\t\t\t\t\t\r\n\t\t\t\t\t\t\t\t\t\t\t\t\t<\/div>\r\n\t\t\t\t\t\t\t\t\t\t\t\t\t\t\t<p class=\"description\">\r\n\t\t\t\t\t\tSus alumnos aprender\u00e1n los principios de laboratorio en un entorno seguro y econ\u00f3mico, con acceso las 24 horas del d\u00eda, los 7 d\u00edas de la semana. Sin preocuparse por los materiales, los espacios ni los problemas de reproducibilidad.\t\t\t\t\t\t\t\t\t\t\t<\/p>\r\n\t\t\t\t\t\t\t\t\t\t\r\n\t\t\t\t\t\r\n\t\t\t\t\t\r\n\t\t\t\t\t\r\n\t\t\t\t\t\t\t\t\t<\/li>\r\n\t\t\t\t\t\t\t<li class=\"item\">\r\n\t\t\t\t\t\t\t\t\t\t\t\t\t\t\t\t\t\r\n\t\t\t\t\t\t\t\t\t\t\t\t\t<img loading=\"lazy\" decoding=\"async\" width=\"290\" height=\"149\" src=\"https:\/\/i0.wp.com\/vumicro.com\/wp-content\/uploads\/2017\/04\/vumicro-icon-smile.jpg?fit=290%2C149&amp;ssl=1\" class=\"attachment-large size-large\" alt=\"\" \/>\t\t\t\t\t\t\t\t\t\t\t\t\r\n\t\t\t\t\t\t\t\t\t\t\t\t\t\t\t\t\r\n\t\t\t\t\t\t\t\t\t\t\r\n\t\t\t\t\t\t\t\t\t\t\t<div class=\"title\">\r\n\t\t\t\t\t\t\t\t\t\t\t\t\t\t\r\n\t\t\t\t\t\t\tDivertirse\t\t\t\t\t\t\t\r\n\t\t\t\t\t\t\t\t\t\t\t\t\t<\/div>\r\n\t\t\t\t\t\t\t\t\t\t\t\t\t\t\t<p class=\"description\">\r\n\t\t\t\t\t\t\u00a1Descubrir cosas es divertido! Los estudiantes pueden aprender temas importantes mientras compiten entre s\u00ed. \u00bfAlguna vez has jugado a la Liga de Microbiolog\u00eda Fant\u00e1stica?\t\t\t\t\t\t\t\t\t\t\t<\/p>\r\n\t\t\t\t\t\t\t\t\t\t\r\n\t\t\t\t\t\r\n\t\t\t\t\t\r\n\t\t\t\t\t\r\n\t\t\t\t\t\t\t\t\t<\/li>\r\n\t\t\t\t\t\t\t\t\t\t<\/ul>\r\n\t\t\t\n\n\n\n<hr class=\"wp-block-separator has-alpha-channel-opacity is-style-dots\"\/>\n\n\n\n<h2 class=\"wp-block-heading\">Una mejor simulaci\u00f3n de microbiolog\u00eda en l\u00ednea.<\/h2>\n\n\n\n<p><em><strong>VUMIE<\/strong><\/em> is a &#8220;flight simulator&#8221; for the Microbiology lab, a simulation that requires the same heads-on, hands-on effort students must master in the wet lab. &nbsp;It provides meaningful practice for microbiology students, tests students&#8217; micro lab skills and knowledge, and for the past 25+ years has been a basic component of many face-to-face, online, and hybrid microbiology labs taught worldwide.<\/p>\n\n\n\n<p>En 2023, <strong><em>VUMIE Online<\/em><\/strong> se convirti\u00f3 en la versi\u00f3n m\u00e1s reciente de este galardonado software. Presenta una nueva interfaz, una estructura m\u00e1s organizada para la ense\u00f1anza de la microbiolog\u00eda y una colecci\u00f3n m\u00e1s vers\u00e1til de actividades y recursos para estudiantes e instructores... todo ello centrado en su probada y eficaz simulaci\u00f3n.<\/p>\n\n\n\n<figure class=\"wp-block-image\"><img data-recalc-dims=\"1\" loading=\"lazy\" decoding=\"async\" width=\"1024\" height=\"514\" src=\"https:\/\/i0.wp.com\/vumicro.com\/wp-content\/uploads\/2022\/03\/Screen-Shot-2022-03-10-at-8.32.24-PM.png?resize=1024%2C514&#038;ssl=1\" alt=\"Screenshot from VUMIE microbiology lab simulation\" class=\"wp-image-9362\" srcset=\"https:\/\/i0.wp.com\/vumicro.com\/wp-content\/uploads\/2022\/03\/Screen-Shot-2022-03-10-at-8.32.24-PM.png?resize=1024%2C514&amp;ssl=1 1024w, https:\/\/i0.wp.com\/vumicro.com\/wp-content\/uploads\/2022\/03\/Screen-Shot-2022-03-10-at-8.32.24-PM.png?resize=300%2C151&amp;ssl=1 300w, https:\/\/i0.wp.com\/vumicro.com\/wp-content\/uploads\/2022\/03\/Screen-Shot-2022-03-10-at-8.32.24-PM.png?resize=768%2C386&amp;ssl=1 768w, https:\/\/i0.wp.com\/vumicro.com\/wp-content\/uploads\/2022\/03\/Screen-Shot-2022-03-10-at-8.32.24-PM.png?resize=1536%2C771&amp;ssl=1 1536w, https:\/\/i0.wp.com\/vumicro.com\/wp-content\/uploads\/2022\/03\/Screen-Shot-2022-03-10-at-8.32.24-PM.png?resize=2048%2C1028&amp;ssl=1 2048w\" sizes=\"auto, (max-width: 1000px) 100vw, 1000px\" \/><\/figure>\n\n\n\n<p><\/p>\n\n\n<p style=\"text-align: left\"><a class=\"button\" href=\"https:\/\/vumicro.com\/es\/support\/faqs\/\" ><span>Preguntas frecuentes<\/span><\/a>\n<\/p>\n\n\n<\/div>\n<\/section>\n<section id=\"get\"  class=\"section content plain\">\n<div class=\"inner\">\n\n\n\n\n<h2 class=\"wp-block-heading has-text-align-center\">\u00bfListo para probar VUMIE Online?<\/h2>\n\n\n<p style=\"text-align: center\"><a class=\"button big\" href=\"https:\/\/vumicro.com\/es\/checkout-vumie-online\/\" ><span>Obt\u00e9n VUMIE<\/span><\/a>\n<\/p>","protected":false},"excerpt":{"rendered":"<p>VUMIE is the flight simulator for microbiology labs. A better online microbiology simulation VUMIE is a &#8220;flight simulator&#8221; for the Microbiology lab, a simulation that requires the same heads-on, hands-on effort students must master in the wet lab. &nbsp;It provides meaningful practice for microbiology students, tests students&#8217; micro lab skills and knowledge, and for the [&hellip;]<\/p>\n","protected":false},"author":1,"featured_media":0,"parent":0,"menu_order":0,"comment_status":"closed","ping_status":"closed","template":"templates\/custom-header.php","meta":{"_monsterinsights_skip_tracking":false,"_monsterinsights_sitenote_active":false,"_monsterinsights_sitenote_note":"","_monsterinsights_sitenote_category":0,"footnotes":""},"class_list":["post-8","page","type-page","status-publish","hentry"],"aioseo_notices":[],"jetpack_sharing_enabled":true,"_links":{"self":[{"href":"https:\/\/vumicro.com\/es\/wp-json\/wp\/v2\/pages\/8","targetHints":{"allow":["GET"]}}],"collection":[{"href":"https:\/\/vumicro.com\/es\/wp-json\/wp\/v2\/pages"}],"about":[{"href":"https:\/\/vumicro.com\/es\/wp-json\/wp\/v2\/types\/page"}],"author":[{"embeddable":true,"href":"https:\/\/vumicro.com\/es\/wp-json\/wp\/v2\/users\/1"}],"replies":[{"embeddable":true,"href":"https:\/\/vumicro.com\/es\/wp-json\/wp\/v2\/comments?post=8"}],"version-history":[{"count":26,"href":"https:\/\/vumicro.com\/es\/wp-json\/wp\/v2\/pages\/8\/revisions"}],"predecessor-version":[{"id":20784,"href":"https:\/\/vumicro.com\/es\/wp-json\/wp\/v2\/pages\/8\/revisions\/20784"}],"wp:attachment":[{"href":"https:\/\/vumicro.com\/es\/wp-json\/wp\/v2\/media?parent=8"}],"curies":[{"name":"wp","href":"https:\/\/api.w.org\/{rel}","templated":true}]}}