{"id":9,"date":"2017-02-23T02:03:23","date_gmt":"2017-02-23T08:03:23","guid":{"rendered":"http:\/\/development.local\/?page_id=7"},"modified":"2024-07-09T11:29:17","modified_gmt":"2024-07-09T16:29:17","slug":"about","status":"publish","type":"page","link":"https:\/\/vumicro.com\/es\/about\/","title":{"rendered":"Acerca de VUMIE Online"},"content":{"rendered":"<h2 class=\"wp-block-heading\">Una mejor simulaci\u00f3n de microbiolog\u00eda en l\u00ednea.<\/h2>\n\n\n\n<p><strong><em>VUMIE<\/em><\/strong> (<strong>V<\/strong>irtual<strong><span style=\"text-decoration: underline;\">U<\/span><\/strong>nknown <strong><span style=\"text-decoration: underline;\">M<\/span><\/strong>icrobiology <strong><span style=\"text-decoration: underline;\">I<\/span><\/strong>nternet <strong><span style=\"text-decoration: underline;\">E<\/span><\/strong>es un \"simulador de vuelo\" para el laboratorio de microbiolog\u00eda, una simulaci\u00f3n que requiere el mismo esfuerzo pr\u00e1ctico y la misma concentraci\u00f3n que los estudiantes deben dominar en el laboratorio real. Proporciona una pr\u00e1ctica valiosa para los estudiantes de microbiolog\u00eda, eval\u00faa sus habilidades y conocimientos en el laboratorio de microbiolog\u00eda y es un componente fundamental de muchos laboratorios de microbiolog\u00eda presenciales, en l\u00ednea e h\u00edbridos que se imparten en todo el mundo.<\/p>\n\n\n\n<figure class=\"wp-block-image size-large\"><img data-recalc-dims=\"1\" loading=\"lazy\" decoding=\"async\" width=\"1024\" height=\"503\" src=\"https:\/\/i0.wp.com\/vumicro.com\/wp-content\/uploads\/2023\/08\/Screen-Shot-2023-08-21-at-10.25.36-PM.jpg?resize=1024%2C503&#038;ssl=1\" alt=\"Screenshot from VUMIE microbiology lab simulation\" class=\"wp-image-15501\" srcset=\"https:\/\/i0.wp.com\/vumicro.com\/wp-content\/uploads\/2023\/08\/Screen-Shot-2023-08-21-at-10.25.36-PM-scaled.jpg?resize=1024%2C503&amp;ssl=1 1024w, https:\/\/i0.wp.com\/vumicro.com\/wp-content\/uploads\/2023\/08\/Screen-Shot-2023-08-21-at-10.25.36-PM-scaled.jpg?resize=300%2C147&amp;ssl=1 300w, https:\/\/i0.wp.com\/vumicro.com\/wp-content\/uploads\/2023\/08\/Screen-Shot-2023-08-21-at-10.25.36-PM-scaled.jpg?resize=768%2C377&amp;ssl=1 768w, https:\/\/i0.wp.com\/vumicro.com\/wp-content\/uploads\/2023\/08\/Screen-Shot-2023-08-21-at-10.25.36-PM-scaled.jpg?resize=1536%2C754&amp;ssl=1 1536w, https:\/\/i0.wp.com\/vumicro.com\/wp-content\/uploads\/2023\/08\/Screen-Shot-2023-08-21-at-10.25.36-PM-scaled.jpg?resize=2048%2C1005&amp;ssl=1 2048w, https:\/\/i0.wp.com\/vumicro.com\/wp-content\/uploads\/2023\/08\/Screen-Shot-2023-08-21-at-10.25.36-PM-scaled.jpg?resize=360%2C177&amp;ssl=1 360w\" sizes=\"auto, (max-width: 1000px) 100vw, 1000px\" \/><\/figure>\n\n\n\n<h2 class=\"wp-block-heading\">Caracter\u00edsticas del producto<\/h2>\n\n\n\n<p><strong><em>VUMIE Online<\/em><\/strong> esta es nuestra \u00faltima versi\u00f3n del software. Estas son algunas de sus caracter\u00edsticas:<\/p>\n\n\n\n<ul class=\"wp-block-list\">\n<li><strong>Una simulaci\u00f3n fiel <\/strong>de una t\u00e9cnica as\u00e9ptica, en la que los errores provocan contaminaci\u00f3n y dichos errores se registran en el informe de laboratorio.<\/li>\n\n\n\n<li><strong>Basado en el navegador:<\/strong>  Funciona en ordenadores Mac, PC, Chromebooks, iPads y tabletas Android.<\/li>\n\n\n\n<li><strong>No se requieren descargas ni instalaciones:<\/strong>  Este es un producto basado en Internet.<\/li>\n\n\n\n<li><strong>M\u00e1s de 120 posibles bacterias<\/strong> identificado mediante <strong>m\u00e1s de 50 pruebas bioqu\u00edmicas comunes<\/strong> que se encuentran en laboratorios de microbiolog\u00eda.<\/li>\n\n\n\n<li><strong>Cobertura de temas comunes en un curso de laboratorio de microbiolog\u00eda:<\/strong>t\u00e9cnicas as\u00e9pticas para tinciones de Gram y microscop\u00eda, pruebas metab\u00f3licas para el m\u00e9todo del n\u00famero m\u00e1s probable (MPN), identificaci\u00f3n bacteriana y pruebas de susceptibilidad a antibi\u00f3ticos, hasta enfermedades de los sistemas org\u00e1nicos y m\u00e9todos de identificaci\u00f3n r\u00e1pida. Incluso incluye actividades que utilizan <strong><em>VUMIE Online<\/em><\/strong> para \"<strong>Creaci\u00f3n de p\u00f3steres cient\u00edficos<\/strong>\" y para establecer una<strong><em> Liga de Microbiolog\u00eda Fant\u00e1stica<\/em><\/strong><em>.<\/em> <a href=\"https:\/\/vumicro.com\/es\/vumie-online-activities\/\" target=\"_blank\" rel=\"noopener\" title=\"Consulta nuestra lista de actividades.\">Consulta nuestra lista de actividades.<\/a>.<\/li>\n\n\n\n<li>Para cada actividad, espere lo siguiente: <strong>Lecciones en v\u00eddeo integradas, repasos, hojas de trabajo y ejercicios pr\u00e1cticos y cuestionarios con calificaci\u00f3n autom\u00e1tica.<\/strong>No se necesita manual de laboratorio.<\/li>\n\n\n\n<li><strong><em>B\u00fasquedas del tesoro<\/em><\/strong> te llevan a explorar en profundidad algunos conceptos importantes de la microbiolog\u00eda y la salud a trav\u00e9s de excursiones en l\u00ednea que van m\u00e1s all\u00e1 de la simulaci\u00f3n.<\/li>\n\n\n\n<li><strong>Este es un producto en crecimiento<\/strong>, donde se a\u00f1aden nuevos contenidos y mejoras a medida que se van completando. Estos est\u00e1n disponibles instant\u00e1neamente para todos los usuarios.<\/li>\n\n\n\n<li><strong>Puede utilizarse para mejorar el rendimiento en el laboratorio<\/strong> mediante instrucciones previas, acceso ilimitado las 24 horas del d\u00eda, los 7 d\u00edas de la semana, a recursos de pr\u00e1ctica y aprendizaje, y para la evaluaci\u00f3n posterior al laboratorio a trav\u00e9s de cuestionarios y ejercicios pr\u00e1cticos con calificaci\u00f3n autom\u00e1tica. <a href=\"https:\/\/bmcmededuc.biomedcentral.com\/articles\/10.1186\/s12909-021-03000-3\" target=\"_blank\" rel=\"noopener\" title=\"Aqu\u00ed est\u00e1n los resultados de un estudio reciente sobre una versi\u00f3n anterior de nuestro producto.\">Aqu\u00ed est\u00e1n los resultados de un estudio reciente sobre una versi\u00f3n anterior de nuestro producto.<\/a> <strong><em>VUMIE Online<\/em><\/strong> se ha mejorado en todos los aspectos con respecto a la versi\u00f3n utilizada en ese estudio para que sea a\u00fan m\u00e1s eficaz.<\/li>\n\n\n\n<li><strong>Puede utilizarse para ofrecer una alternativa pr\u00e1ctica en l\u00ednea a la ense\u00f1anza presencial o un laboratorio de microbiolog\u00eda general completamente en l\u00ednea cuando sea necesario.<\/strong>.<\/li>\n\n\n\n<li><strong>Amplios tutoriales en v\u00eddeo<\/strong> sobre t\u00e9cnicas b\u00e1sicas de laboratorio. <a href=\"https:\/\/vumicro.com\/es\/docs\/help\/\" target=\"_blank\" rel=\"noopener\" title=\"Puedes echar un vistazo aqu\u00ed.\">Puedes echar un vistazo aqu\u00ed.<\/a>.<\/li>\n\n\n\n<li><strong>Amplia biblioteca de referencia<\/strong> que abarca temas centrales del curso y de la simulaci\u00f3n. <a href=\"https:\/\/vumicro.com\/es\/docs\/reference\/\" target=\"_blank\" rel=\"noopener\" title=\"Mira lo que tenemos para ti.\">Mira lo que tenemos para ti.<\/a>.<\/li>\n\n\n\n<li><strong>Integrada \"<em>Consola de Administraci\u00f3n<\/em>&#8220;<\/strong> permite a los instructores personalizar las tareas de los estudiantes, supervisar su trabajo, revisar sus informes de laboratorio y llevar un registro de las calificaciones. Incluso proporciona informaci\u00f3n sobre el tiempo dedicado a cada tarea.<\/li>\n\n\n\n<li><strong><em>Simulaciones, actividades, extensos archivos de ayuda y controles para el instructor, todo ello por aproximadamente la mitad del precio de un manual de laboratorio de microbiolog\u00eda.<\/em><\/strong>   Adem\u00e1s, ofrece un formato de v\u00eddeo f\u00e1cil de usar y numerosas funciones de apoyo al aprendizaje que no se encuentran en los manuales de laboratorio.<\/li>\n\n\n\n<li><a href=\"https:\/\/vumicro.com\/es\/docs\/navigating-vumies-main-features\/\" target=\"_blank\" rel=\"noopener\" title=\"Aqu\u00ed puedes ver un v\u00eddeo de demostraci\u00f3n del software.\">Aqu\u00ed puedes ver un v\u00eddeo de demostraci\u00f3n del software.<\/a>.<\/li>\n\n\n\n<li><a href=\"https:\/\/vumicro.com\/es\/docs\/lab-layout-and-navigation\/\" target=\"_blank\" rel=\"noopener\" title=\"Aqu\u00ed puedes encontrar un video con informaci\u00f3n sobre la simulaci\u00f3n.\">Aqu\u00ed puedes encontrar un video con informaci\u00f3n sobre la simulaci\u00f3n.<\/a>.<\/li>\n<\/ul>\n\n\n\n<figure class=\"wp-block-image size-large\"><img data-recalc-dims=\"1\" loading=\"lazy\" decoding=\"async\" width=\"1024\" height=\"568\" src=\"https:\/\/i0.wp.com\/vumicro.com\/wp-content\/uploads\/2024\/07\/vumie_activities.png?resize=1024%2C568&#038;ssl=1\" alt=\"\" class=\"wp-image-17297\" srcset=\"https:\/\/i0.wp.com\/vumicro.com\/wp-content\/uploads\/2024\/07\/vumie_activities.png?resize=1024%2C568&amp;ssl=1 1024w, https:\/\/i0.wp.com\/vumicro.com\/wp-content\/uploads\/2024\/07\/vumie_activities.png?resize=300%2C166&amp;ssl=1 300w, https:\/\/i0.wp.com\/vumicro.com\/wp-content\/uploads\/2024\/07\/vumie_activities.png?resize=768%2C426&amp;ssl=1 768w, https:\/\/i0.wp.com\/vumicro.com\/wp-content\/uploads\/2024\/07\/vumie_activities.png?resize=360%2C200&amp;ssl=1 360w, https:\/\/i0.wp.com\/vumicro.com\/wp-content\/uploads\/2024\/07\/vumie_activities.png?w=1086&amp;ssl=1 1086w\" sizes=\"auto, (max-width: 1000px) 100vw, 1000px\" \/><\/figure>\n\n\n<p style=\"text-align: left\"><a class=\"button\" href=\"https:\/\/vumicro.com\/es\/support\/faqs\/\" ><span>Preguntas frecuentes<\/span><\/a>\n<\/p>\n\n\n<\/div>\n<\/section>\n<section id=\"get\"  class=\"section content graphic\">\n<div class=\"inner\">\n\n\n\n\n<h2 class=\"wp-block-heading\">\u00bfListo para probar VUMIE?<\/h2>\n\n\n<p style=\"text-align: center\"><a class=\"button big\" href=\"https:\/\/vumicro.com\/es\/checkout-vumie-online\/\" ><span>Obt\u00e9n VUMIE<\/span><\/a>\n<\/p>\n\n\n\n<p class=\"has-text-align-center\"><\/p>","protected":false},"excerpt":{"rendered":"<p>A better online microbiology simulation VUMIE (VirtualUnknown Microbiology Internet Edition) is a &#8220;flight simulator&#8221; for the Microbiology lab, a simulation that requires the same heads-on, hands-on effort students must master in the wetlab. &nbsp;It provides meaningful practice for microbiology students, tests student proficiencies in micro lab skills and knowledge, and is a basic component of [&hellip;]<\/p>\n","protected":false},"author":1,"featured_media":0,"parent":0,"menu_order":1,"comment_status":"closed","ping_status":"closed","template":"","meta":{"_monsterinsights_skip_tracking":false,"_monsterinsights_sitenote_active":false,"_monsterinsights_sitenote_note":"","_monsterinsights_sitenote_category":0,"footnotes":""},"class_list":["post-9","page","type-page","status-publish","hentry"],"aioseo_notices":[],"jetpack_sharing_enabled":true,"_links":{"self":[{"href":"https:\/\/vumicro.com\/es\/wp-json\/wp\/v2\/pages\/9","targetHints":{"allow":["GET"]}}],"collection":[{"href":"https:\/\/vumicro.com\/es\/wp-json\/wp\/v2\/pages"}],"about":[{"href":"https:\/\/vumicro.com\/es\/wp-json\/wp\/v2\/types\/page"}],"author":[{"embeddable":true,"href":"https:\/\/vumicro.com\/es\/wp-json\/wp\/v2\/users\/1"}],"replies":[{"embeddable":true,"href":"https:\/\/vumicro.com\/es\/wp-json\/wp\/v2\/comments?post=9"}],"version-history":[{"count":38,"href":"https:\/\/vumicro.com\/es\/wp-json\/wp\/v2\/pages\/9\/revisions"}],"predecessor-version":[{"id":17298,"href":"https:\/\/vumicro.com\/es\/wp-json\/wp\/v2\/pages\/9\/revisions\/17298"}],"wp:attachment":[{"href":"https:\/\/vumicro.com\/es\/wp-json\/wp\/v2\/media?parent=9"}],"curies":[{"name":"wp","href":"https:\/\/api.w.org\/{rel}","templated":true}]}}